{"id":20,"date":"2020-12-17T12:06:38","date_gmt":"2020-12-17T11:06:38","guid":{"rendered":"http:\/\/www.b12-kassel.de\/?page_id=20"},"modified":"2020-12-17T12:06:46","modified_gmt":"2020-12-17T11:06:46","slug":"verein","status":"publish","type":"page","link":"https:\/\/www.b12-kassel.de\/?page_id=20","title":{"rendered":"Der Verein"},"content":{"rendered":"\n<p>Der Verein B 12 &#8211; Verein zur F\u00f6rderung gemeinschaftlichen Lebens e.V. wurde in Kassel im Fr\u00fchjahr 2008 gegr\u00fcndet. F\u00fcr die Namensgebung stand die Adresse unseres Wohnhauses in der Bardelebenstra\u00dfe 12 Pate. Aktuell hat der Verein zw\u00f6lf Mitglieder. Zu acht leben wir seit 2008 als Hausgemeinschaft in sechs abgeschlossenen Wohneinheiten. F\u00fcnf Wohnungen in der Bardelebenstra\u00dfe 12 sind durch Einzelmietvertr\u00e4ge gemietet, eine Wohnung hat der Verein B 12 angemietet.<br>Der Verein B 12 hat die F\u00f6rderung des gemeinschaftlichen Wohnens zum Ziel. Wir legen gro\u00dfen Wert heute und auch in Zukunft f\u00fcr einander da zu sein, Netzwerke zu bauen und uns im Lebensalltag bis ins Alter zu unterst\u00fctzen.<\/p>\n","protected":false},"excerpt":{"rendered":"<p>Der Verein B 12 &#8211; Verein zur F\u00f6rderung gemeinschaftlichen Lebens e.V. wurde in Kassel im Fr\u00fchjahr 2008 gegr\u00fcndet. F\u00fcr die Namensgebung stand die Adresse unseres&hellip;<\/p>\n","protected":false},"author":1,"featured_media":0,"parent":0,"menu_order":0,"comment_status":"closed","ping_status":"closed","template":"","meta":{"footnotes":""},"_links":{"self":[{"href":"https:\/\/www.b12-kassel.de\/index.php?rest_route=\/wp\/v2\/pages\/20"}],"collection":[{"href":"https:\/\/www.b12-kassel.de\/index.php?rest_route=\/wp\/v2\/pages"}],"about":[{"href":"https:\/\/www.b12-kassel.de\/index.php?rest_route=\/wp\/v2\/types\/page"}],"author":[{"embeddable":true,"href":"https:\/\/www.b12-kassel.de\/index.php?rest_route=\/wp\/v2\/users\/1"}],"replies":[{"embeddable":true,"href":"https:\/\/www.b12-kassel.de\/index.php?rest_route=%2Fwp%2Fv2%2Fcomments&post=20"}],"version-history":[{"count":3,"href":"https:\/\/www.b12-kassel.de\/index.php?rest_route=\/wp\/v2\/pages\/20\/revisions"}],"predecessor-version":[{"id":58,"href":"https:\/\/www.b12-kassel.de\/index.php?rest_route=\/wp\/v2\/pages\/20\/revisions\/58"}],"wp:attachment":[{"href":"https:\/\/www.b12-kassel.de\/index.php?rest_route=%2Fwp%2Fv2%2Fmedia&parent=20"}],"curies":[{"name":"wp","href":"https:\/\/api.w.org\/{rel}","templated":true}]}}