{"id":28,"date":"2020-12-17T12:17:11","date_gmt":"2020-12-17T11:17:11","guid":{"rendered":"http:\/\/www.b12-kassel.de\/?page_id=28"},"modified":"2021-05-09T13:41:38","modified_gmt":"2021-05-09T11:41:38","slug":"links","status":"publish","type":"page","link":"https:\/\/www.b12-kassel.de\/?page_id=28","title":{"rendered":"Links"},"content":{"rendered":"\n<p><a rel=\"noreferrer noopener\" href=\"https:\/\/www.genialokal.de\/buchhandlung\/kassel-kirchditmold\/zentgrafen-buchhandlung\/\" target=\"_blank\">Zentgrafen Buchhandlung<\/a> Ihre Buchhandlung f\u00fcr Kassel<br><a rel=\"noreferrer noopener\" href=\"https:\/\/euregioverlag.de\/\" target=\"_blank\">Euregioverlag<\/a> B\u00fccher aus Kassel<br><a href=\"https:\/\/www.maeckler.de\/index.html\">Simone M\u00e4ckler<\/a> Dipl. Ing. Architektin<\/p>\n\n\n\n<p>Unterst\u00fctzt hat unser Projekt:<br>1. <a href=\"https:\/\/rueddenklau-und-partner.de\">R\u00fcddenklau und Partner<\/a> Finanzmanagement und Kapitalbeschaffung<br>2. <a href=\"https:\/\/www.rb-baunatal.de\/privatkunden.html\">Raiffeisenbank eG Baunatal<\/a><br><\/p>\n\n\n\n<h5 class=\"wp-block-heading\"><strong>Gemeinschaftlich wohnen in der Region und dar\u00fcber hinaus<\/strong><\/h5>\n\n\n\n<p><a href=\"https:\/\/www.lossehof.de\">Lossehof<\/a> Kommune im Lossetal in Oberkaufungen<br><a href=\"http:\/\/www.agora-da.de\">Darmstadt<\/a> AGORA eG \u2013 Generationen\u00fcbergreifendes Wohn- und Lebensprojekt<br><a href=\"https:\/\/www.villa-locomuna.de\/\">Villa Locumuna<\/a> Stadtkommune in Kassel<\/p>\n\n\n\n<p><\/p>\n\n\n\n<h4 class=\"wp-block-heading\"><strong>Haftungsausschluss:<\/strong><\/h4>\n\n\n\n<p><strong>Verweise und Links<\/strong><br>Bei direkten oder indirekten Verweisen auf fremde Webseiten (\u201cHyperlinks\u201d), die au\u00dferhalb des Verantwortungsbereiches der Autoren liegen, w\u00fcrde eine Haftungsverpflichtung ausschlie\u00dflich in dem Fall in Kraft treten, in dem die Seitenbetreiber von den Inhalten Kenntnis haben und es ihnen technisch m\u00f6glich und zumutbar w\u00e4re, die Nutzung im Falle rechtswidriger Inhalte zu verhindern.<br>Die Autoren erkl\u00e4ren hiermit ausdr\u00fccklich, dass zum Zeitpunkt der Linksetzung keine illegalen Inhalte auf den zu verlinkenden Seiten erkennbar waren. Auf die aktuelle und zuk\u00fcnftige Gestaltung, die Inhalte oder die Urheberschaft der verlinkten\/verkn\u00fcpften Seiten haben die Autoren keinerlei Einfluss. <strong>Deshalb distanzieren sie sich hiermit ausdr\u00fccklich von allen Inhalten aller verlinkten \/verkn\u00fcpften Seiten, die nach der Linksetzung ver\u00e4ndert wurden.<\/strong> Diese Feststellung gilt f\u00fcr alle innerhalb des eigenen Internetangebotes gesetzten Links und Verweise sowie f\u00fcr Fremdeintr\u00e4ge in von den Autoren eingerichteten G\u00e4steb\u00fcchern, Blogs, Diskussionsforen, Linkverzeichnissen, Mailinglisten und in allen anderen Formen von Datenbanken, auf deren Inhalt externe Schreibzugriffe m\u00f6glich sind. F\u00fcr illegale, fehlerhafte oder unvollst\u00e4ndige Inhalte und insbesondere f\u00fcr Sch\u00e4den, die aus der Nutzung oder Nichtnutzung solcherart dargebotener Informationen entstehen, haftet allein der Anbieter der Seite, auf welche verwiesen wurde, nicht derjenige, der \u00fcber Links auf die jeweilige Ver\u00f6ffentlichung lediglich verweist.<\/p>\n","protected":false},"excerpt":{"rendered":"<p>Zentgrafen Buchhandlung Ihre Buchhandlung f\u00fcr KasselEuregioverlag B\u00fccher aus KasselSimone M\u00e4ckler Dipl. Ing. Architektin Unterst\u00fctzt hat unser Projekt:1. R\u00fcddenklau und Partner Finanzmanagement und Kapitalbeschaffung2. Raiffeisenbank eG&hellip;<\/p>\n","protected":false},"author":1,"featured_media":0,"parent":0,"menu_order":0,"comment_status":"closed","ping_status":"closed","template":"","meta":{"footnotes":""},"_links":{"self":[{"href":"https:\/\/www.b12-kassel.de\/index.php?rest_route=\/wp\/v2\/pages\/28"}],"collection":[{"href":"https:\/\/www.b12-kassel.de\/index.php?rest_route=\/wp\/v2\/pages"}],"about":[{"href":"https:\/\/www.b12-kassel.de\/index.php?rest_route=\/wp\/v2\/types\/page"}],"author":[{"embeddable":true,"href":"https:\/\/www.b12-kassel.de\/index.php?rest_route=\/wp\/v2\/users\/1"}],"replies":[{"embeddable":true,"href":"https:\/\/www.b12-kassel.de\/index.php?rest_route=%2Fwp%2Fv2%2Fcomments&post=28"}],"version-history":[{"count":9,"href":"https:\/\/www.b12-kassel.de\/index.php?rest_route=\/wp\/v2\/pages\/28\/revisions"}],"predecessor-version":[{"id":160,"href":"https:\/\/www.b12-kassel.de\/index.php?rest_route=\/wp\/v2\/pages\/28\/revisions\/160"}],"wp:attachment":[{"href":"https:\/\/www.b12-kassel.de\/index.php?rest_route=%2Fwp%2Fv2%2Fmedia&parent=28"}],"curies":[{"name":"wp","href":"https:\/\/api.w.org\/{rel}","templated":true}]}}