{"id":32,"date":"2020-12-17T12:00:09","date_gmt":"2020-12-17T11:00:09","guid":{"rendered":"http:\/\/www.b12-kassel.de\/?page_id=32"},"modified":"2024-01-14T17:50:38","modified_gmt":"2024-01-14T16:50:38","slug":"impressum","status":"publish","type":"page","link":"https:\/\/www.b12-kassel.de\/?page_id=32","title":{"rendered":"Impressum"},"content":{"rendered":"\n<p>Verantwortlich und Betreiber dieser Seiten:<\/p>\n\n\n\n<p><br>B12 Verein f\u00fcr gemeinschaftliches Wohnen e.V.<br>Eintragung im Vereinsregister.<br>Registergericht: Amtsgericht Kassel<br><br>Registernummer: 85 VR 4588<br>V.i.S.d.P.: B12 Verein f\u00fcr gemeinschaftliches Wohnen e.V., Niederfeldstr. 66, 34132 Kassel<br>info@b12-kassel.de<\/p>\n\n\n\n<p>Haftungsausschluss:<br>Verweise und Links<br>Bei direkten oder indirekten Verweisen auf fremde Webseiten (\u201cHyperlinks\u201d), die au\u00dferhalb des Verantwortungsbereiches der Autoren liegen, w\u00fcrde eine Haftungsverpflichtung ausschlie\u00dflich in dem Fall in Kraft treten, in dem die Seitenbetreiber von den Inhalten Kenntnis haben und es ihnen technisch m\u00f6glich und zumutbar w\u00e4re, die Nutzung im Falle rechtswidriger Inhalte zu verhindern.<br>Die Autoren erkl\u00e4ren hiermit ausdr\u00fccklich, dass zum Zeitpunkt der Linksetzung keine illegalen Inhalte auf den zu verlinkenden Seiten erkennbar waren. Auf die aktuelle und zuk\u00fcnftige Gestaltung, die Inhalte oder die Urheberschaft der verlinkten\/verkn\u00fcpften Seiten haben die Autoren keinerlei Einfluss. Deshalb distanzieren sie sich hiermit ausdr\u00fccklich von allen Inhalten aller verlinkten \/verkn\u00fcpften Seiten, die nach der Linksetzung ver\u00e4ndert wurden. Diese Feststellung gilt f\u00fcr alle innerhalb des eigenen Internetangebotes gesetzten Links und Verweise sowie f\u00fcr Fremdeintr\u00e4ge in von den Autoren eingerichteten G\u00e4steb\u00fcchern, Blogs, Diskussionsforen, Linkverzeichnissen, Mailinglisten und in allen anderen Formen von Datenbanken, auf deren Inhalt externe Schreibzugriffe m\u00f6glich sind. F\u00fcr illegale, fehlerhafte oder unvollst\u00e4ndige Inhalte und insbesondere f\u00fcr Sch\u00e4den, die aus der Nutzung oder Nichtnutzung solcherart dargebotener Informationen entstehen, haftet allein der Anbieter der Seite, auf welche verwiesen wurde, nicht derjenige, der \u00fcber Links auf die jeweilige Ver\u00f6ffentlichung lediglich verweist.<\/p>\n\n\n\n<p><\/p>\n","protected":false},"excerpt":{"rendered":"<p>Verantwortlich und Betreiber dieser Seiten: B12 Verein f\u00fcr gemeinschaftliches Wohnen e.V.Eintragung im Vereinsregister.Registergericht: Amtsgericht Kassel Registernummer: 85 VR 4588V.i.S.d.P.: B12 Verein f\u00fcr gemeinschaftliches Wohnen e.V.,&hellip;<\/p>\n","protected":false},"author":1,"featured_media":0,"parent":0,"menu_order":0,"comment_status":"closed","ping_status":"closed","template":"","meta":{"footnotes":""},"_links":{"self":[{"href":"https:\/\/www.b12-kassel.de\/index.php?rest_route=\/wp\/v2\/pages\/32"}],"collection":[{"href":"https:\/\/www.b12-kassel.de\/index.php?rest_route=\/wp\/v2\/pages"}],"about":[{"href":"https:\/\/www.b12-kassel.de\/index.php?rest_route=\/wp\/v2\/types\/page"}],"author":[{"embeddable":true,"href":"https:\/\/www.b12-kassel.de\/index.php?rest_route=\/wp\/v2\/users\/1"}],"replies":[{"embeddable":true,"href":"https:\/\/www.b12-kassel.de\/index.php?rest_route=%2Fwp%2Fv2%2Fcomments&post=32"}],"version-history":[{"count":3,"href":"https:\/\/www.b12-kassel.de\/index.php?rest_route=\/wp\/v2\/pages\/32\/revisions"}],"predecessor-version":[{"id":209,"href":"https:\/\/www.b12-kassel.de\/index.php?rest_route=\/wp\/v2\/pages\/32\/revisions\/209"}],"wp:attachment":[{"href":"https:\/\/www.b12-kassel.de\/index.php?rest_route=%2Fwp%2Fv2%2Fmedia&parent=32"}],"curies":[{"name":"wp","href":"https:\/\/api.w.org\/{rel}","templated":true}]}}