{"id":60,"date":"2020-12-17T12:10:25","date_gmt":"2020-12-17T11:10:25","guid":{"rendered":"http:\/\/www.b12-kassel.de\/?page_id=60"},"modified":"2020-12-17T12:10:56","modified_gmt":"2020-12-17T11:10:56","slug":"die-zukunft","status":"publish","type":"page","link":"https:\/\/www.b12-kassel.de\/?page_id=60","title":{"rendered":"Die Zukunft"},"content":{"rendered":"\n<p>in die eigenen H\u00e4nde zu nehmen, aktiv zu gestalten und die Energie zu b\u00fcndeln ist der Ertrag aus den bereits gemeinsam gelebten Jahren. Zun\u00e4chst mit einzelnen Mietvertr\u00e4gen in ein gemeinsames Haus ziehen zu k\u00f6nnen, also Hausgemeinschaft \u201eprobieren\u201c zu k\u00f6nnen, nehmen wir als ein einen sehr gro\u00dfen Vorteil wahr.<br>Wie alle Gemeinschaften, die sich auf Beziehungen einlassen, durchliefen wir unbeschwerte Phasen ebenso wie fordernde Zeiten des Umbruchs und sind zusammengewachsen. Die Gemeinschaft bildet die Basis f\u00fcr den Wunsch, nun gemeinsam einen Schritt weiter zu gehen und als Verein die gemeinschaftliche Wohnidee in einem eigenen Haus zu verwirklichen.<\/p>\n\n\n\n<h2 class=\"wp-block-heading\">Das Geb\u00e4ude<\/h2>\n\n\n\n<p>ist als mehrgeschossiges Haus geplant. Die sieben Wohnungen haben eine Fl\u00e4che zwischen 50 und 100 qm. Das Geb\u00e4ude hat einen f\u00fcr alle zug\u00e4nglichen gro\u00dfen Bereich zur gemeinschaftlichen Nutzung und zur Begegnung, der uns allen besonders wichtig ist. <br>Wichtig ist uns allen ein Geb\u00e4ude, dass \u00f6kologisch ressourcensparend gebaut wird und bewirtschaftet werden kann, sowie eine weitgehende zumindest barrierearme, bzw. barrierefrei nachr\u00fcstbare Ausstattung.<br>Wir freuen uns, dass die Stadt Kassel in dem neuen Baugebiet \u201eZum Feldlager\u201c einen Bereich f\u00fcr Wohnprojekte ausgewiesen und reserviert hat. Die Nachbarschaft mit Gleichgesinnten schafft Gelegenheiten zu Austausch, Gespr\u00e4chen und gemeinsamen Aktivit\u00e4ten, auf die wir uns sehr freuen. Die r\u00e4umliche N\u00e4he zu unserem aktuellen Lebensort kommt uns zudem sehr entgegen.<\/p>\n","protected":false},"excerpt":{"rendered":"<p>in die eigenen H\u00e4nde zu nehmen, aktiv zu gestalten und die Energie zu b\u00fcndeln ist der Ertrag aus den bereits gemeinsam gelebten Jahren. Zun\u00e4chst mit&hellip;<\/p>\n","protected":false},"author":1,"featured_media":0,"parent":20,"menu_order":0,"comment_status":"closed","ping_status":"closed","template":"","meta":{"footnotes":""},"_links":{"self":[{"href":"https:\/\/www.b12-kassel.de\/index.php?rest_route=\/wp\/v2\/pages\/60"}],"collection":[{"href":"https:\/\/www.b12-kassel.de\/index.php?rest_route=\/wp\/v2\/pages"}],"about":[{"href":"https:\/\/www.b12-kassel.de\/index.php?rest_route=\/wp\/v2\/types\/page"}],"author":[{"embeddable":true,"href":"https:\/\/www.b12-kassel.de\/index.php?rest_route=\/wp\/v2\/users\/1"}],"replies":[{"embeddable":true,"href":"https:\/\/www.b12-kassel.de\/index.php?rest_route=%2Fwp%2Fv2%2Fcomments&post=60"}],"version-history":[{"count":1,"href":"https:\/\/www.b12-kassel.de\/index.php?rest_route=\/wp\/v2\/pages\/60\/revisions"}],"predecessor-version":[{"id":61,"href":"https:\/\/www.b12-kassel.de\/index.php?rest_route=\/wp\/v2\/pages\/60\/revisions\/61"}],"up":[{"embeddable":true,"href":"https:\/\/www.b12-kassel.de\/index.php?rest_route=\/wp\/v2\/pages\/20"}],"wp:attachment":[{"href":"https:\/\/www.b12-kassel.de\/index.php?rest_route=%2Fwp%2Fv2%2Fmedia&parent=60"}],"curies":[{"name":"wp","href":"https:\/\/api.w.org\/{rel}","templated":true}]}}