{"id":62,"date":"2020-12-17T12:12:03","date_gmt":"2020-12-17T11:12:03","guid":{"rendered":"http:\/\/www.b12-kassel.de\/?page_id=62"},"modified":"2020-12-20T19:12:30","modified_gmt":"2020-12-20T18:12:30","slug":"historie","status":"publish","type":"page","link":"https:\/\/www.b12-kassel.de\/?page_id=62","title":{"rendered":"Historie"},"content":{"rendered":"\n<p>Die Vision und der Wunsch, gemeinsam zu leben, entstandt bereits vor mehr als 25 Jahren. Die Gruppe B 12 kennt sich u.a. durch das Studium in Kassel, durch berufliche Kontakte, die Bereitschaft zu sozialem Engagement, gemeinsame Reisen, Interesse an Kunst und Kultur und den Spa\u00df am gemeinschaftlichen Sport. Aus vielen Gespr\u00e4chen \u00fcber Tr\u00e4ume und W\u00fcnsche wurden ab 2005 erstmals reale Pl\u00e4ne.<br>Wir fanden uns in einer offenen Gruppe zusammen, begannen, uns bei anderen Wohnprojekten zu informieren und waren auf der Suche nach einem passenden Haus. Mit den Vereinigten Wohnst\u00e4tten 1889 eG nahmen wir ebenfalls Kontakt auf.<br>Und hatten dann das sehr gro\u00dfe Gl\u00fcck, dass uns im Januar 2007 das Haus in der Bardelebenstra\u00dfe zum Mieten angeboten wurde. Im Verlauf eines sehr spannenden Jahres entwickelten wir mit den Vereinigten Wohnst\u00e4tten und einem Architekten Ideen zur Umgestaltung des Geb\u00e4udes, die im folgenden Jahr mehrheitlich umgesetzt wurden. Der sukzessive Einzug erfolgte ab Fr\u00fchjahr 2008. Zeitglich gr\u00fcndeten wir den Verein B 12, um f\u00fcr geplante Aktivit\u00e4ten und die Nutzung der Gemeinschaftswohnung eine passende Rechtsform zu haben.<\/p>\n","protected":false},"excerpt":{"rendered":"<p>Die Vision und der Wunsch, gemeinsam zu leben, entstandt bereits vor mehr als 25 Jahren. Die Gruppe B 12 kennt sich u.a. durch das Studium&hellip;<\/p>\n","protected":false},"author":1,"featured_media":0,"parent":20,"menu_order":2,"comment_status":"closed","ping_status":"closed","template":"","meta":{"footnotes":""},"_links":{"self":[{"href":"https:\/\/www.b12-kassel.de\/index.php?rest_route=\/wp\/v2\/pages\/62"}],"collection":[{"href":"https:\/\/www.b12-kassel.de\/index.php?rest_route=\/wp\/v2\/pages"}],"about":[{"href":"https:\/\/www.b12-kassel.de\/index.php?rest_route=\/wp\/v2\/types\/page"}],"author":[{"embeddable":true,"href":"https:\/\/www.b12-kassel.de\/index.php?rest_route=\/wp\/v2\/users\/1"}],"replies":[{"embeddable":true,"href":"https:\/\/www.b12-kassel.de\/index.php?rest_route=%2Fwp%2Fv2%2Fcomments&post=62"}],"version-history":[{"count":2,"href":"https:\/\/www.b12-kassel.de\/index.php?rest_route=\/wp\/v2\/pages\/62\/revisions"}],"predecessor-version":[{"id":145,"href":"https:\/\/www.b12-kassel.de\/index.php?rest_route=\/wp\/v2\/pages\/62\/revisions\/145"}],"up":[{"embeddable":true,"href":"https:\/\/www.b12-kassel.de\/index.php?rest_route=\/wp\/v2\/pages\/20"}],"wp:attachment":[{"href":"https:\/\/www.b12-kassel.de\/index.php?rest_route=%2Fwp%2Fv2%2Fmedia&parent=62"}],"curies":[{"name":"wp","href":"https:\/\/api.w.org\/{rel}","templated":true}]}}